{"id":139,"date":"2011-02-20T09:21:52","date_gmt":"2011-02-20T09:21:52","guid":{"rendered":"http:\/\/localhost:8888\/wordpress\/?page_id=139"},"modified":"2011-04-03T10:49:28","modified_gmt":"2011-04-03T10:49:28","slug":"camisetas-de-deporte","status":"publish","type":"page","link":"https:\/\/xn--uniformestoimartin-x0b.es\/?page_id=139","title":{"rendered":"Camisetas de deporte"},"content":{"rendered":"<div class=\"articulo\">\n<div class=\"col-izquierda\">\n<a href=\"http:\/\/www.uniformesto\u00f1imartin.es\/wp-content\/uploads\/2011\/04\/camiseta01.png\"><img loading=\"lazy\" class=\"alignnone size-medium wp-image-91\" title=\"Camiseta de deporte modelo 01\" src=\"http:\/\/www.uniformesto\u00f1imartin.es\/wp-content\/uploads\/2011\/04\/camiseta01-300x295.png\" alt=\"\" width=\"300\" height=\"295\" \/><\/a>\n<\/div>\n<div class=\"col-derecha\">\n<h2>Modelo 01<\/h2>\n<p class=\"small\">ref. #1573_30<\/p>\n<ul class=\"caracteristicas\">\n<li>50% POLI\u00c9STER 50% ALGOD\u00d3N<\/li>\n<\/ul>\n<p><img src=\"http:\/\/www.uniformesto\u00f1imartin.es\/wp-content\/uploads\/2011\/02\/color3.png\"\/><\/p>\n<\/div>\n<div class=\"clear\"><\/div>\n<\/div>\n<div class=\"articulo-last\">\n<div class=\"col-izquierda\">\n<a href=\"http:\/\/www.uniformesto\u00f1imartin.es\/wp-content\/uploads\/2011\/04\/camiseta02.png\"><img loading=\"lazy\" class=\"alignnone size-medium wp-image-91\" title=\"Camiseta de deporte modelo 02\" src=\"http:\/\/www.uniformesto\u00f1imartin.es\/wp-content\/uploads\/2011\/04\/camiseta02-300x295.png\" alt=\"\" width=\"300\" height=\"295\" \/><\/a>\n<\/div>\n<div class=\"col-derecha\">\n<h2>Modelo 02<\/h2>\n<p class=\"small\">ref. #1573_31<\/p>\n<ul class=\"caracteristicas\">\n<li>50% POLI\u00c9STER 50% ALGOD\u00d3N<\/li>\n<\/ul>\n<p><img src=\"http:\/\/www.uniformesto\u00f1imartin.es\/wp-content\/uploads\/2011\/02\/color3.png\"\/><\/p>\n<\/div>\n<div class=\"clear\"><\/div>\n<\/div>\n","protected":false},"excerpt":{"rendered":"<p>Modelo 01 ref. #1573_30 50% POLI\u00c9STER 50% ALGOD\u00d3N Modelo 02 ref. #1573_31 50% POLI\u00c9STER 50% ALGOD\u00d3N<\/p>\n","protected":false},"author":1,"featured_media":0,"parent":0,"menu_order":0,"comment_status":"open","ping_status":"open","template":"","meta":[],"_links":{"self":[{"href":"https:\/\/xn--uniformestoimartin-x0b.es\/index.php?rest_route=\/wp\/v2\/pages\/139"}],"collection":[{"href":"https:\/\/xn--uniformestoimartin-x0b.es\/index.php?rest_route=\/wp\/v2\/pages"}],"about":[{"href":"https:\/\/xn--uniformestoimartin-x0b.es\/index.php?rest_route=\/wp\/v2\/types\/page"}],"author":[{"embeddable":true,"href":"https:\/\/xn--uniformestoimartin-x0b.es\/index.php?rest_route=\/wp\/v2\/users\/1"}],"replies":[{"embeddable":true,"href":"https:\/\/xn--uniformestoimartin-x0b.es\/index.php?rest_route=%2Fwp%2Fv2%2Fcomments&post=139"}],"version-history":[{"count":1,"href":"https:\/\/xn--uniformestoimartin-x0b.es\/index.php?rest_route=\/wp\/v2\/pages\/139\/revisions"}],"predecessor-version":[{"id":209,"href":"https:\/\/xn--uniformestoimartin-x0b.es\/index.php?rest_route=\/wp\/v2\/pages\/139\/revisions\/209"}],"wp:attachment":[{"href":"https:\/\/xn--uniformestoimartin-x0b.es\/index.php?rest_route=%2Fwp%2Fv2%2Fmedia&parent=139"}],"curies":[{"name":"wp","href":"https:\/\/api.w.org\/{rel}","templated":true}]}}