{"id":144,"date":"2011-02-20T09:35:26","date_gmt":"2011-02-20T09:35:26","guid":{"rendered":"http:\/\/localhost:8888\/wordpress\/?page_id=144"},"modified":"2011-04-03T10:57:18","modified_gmt":"2011-04-03T10:57:18","slug":"pantalones-de-deporte","status":"publish","type":"page","link":"https:\/\/xn--uniformestoimartin-x0b.es\/?page_id=144","title":{"rendered":"Pantalones de deporte"},"content":{"rendered":"<div class=\"articulo\">\n<div class=\"col-izquierda\">\n<a href=\"http:\/\/www.uniformesto\u00f1imartin.es\/wp-content\/uploads\/2011\/02\/pantalon_corto01.png\"><img loading=\"lazy\" class=\"alignnone size-medium wp-image-91\" title=\"Pantal\u00f3n corto modelo 01\" src=\"http:\/\/www.uniformesto\u00f1imartin.es\/wp-content\/uploads\/2011\/02\/pantalon_corto01-300x295.png\" alt=\"\" width=\"300\" height=\"295\" \/><\/a>\n<\/div>\n<div class=\"col-derecha\">\n<h2>Modelo 01<\/h2>\n<p class=\"small\">ref. #1583_10<\/p>\n<ul class=\"caracteristicas\">\n<li>100% POLI\u00c9STER<\/li>\n<li>80% POLI\u00c9STER 20% ALGOD\u00d3N<\/li>\n<li>50% POLI\u00c9STER 50% ALGOD\u00d3N<\/li>\n<\/ul>\n<p><img src=\"http:\/\/www.uniformesto\u00f1imartin.es\/wp-content\/uploads\/2011\/02\/color1.png\"\/><\/p>\n<\/div>\n<div class=\"clear\"><\/div>\n<\/div>\n<div class=\"articulo\">\n<div class=\"col-izquierda\">\n<a href=\"http:\/\/www.uniformesto\u00f1imartin.es\/wp-content\/uploads\/2011\/02\/pantalon_corto02.png\"><img loading=\"lazy\" class=\"alignnone size-medium wp-image-91\" title=\"Pantal\u00f3n corto modelo 02\" src=\"http:\/\/www.uniformesto\u00f1imartin.es\/wp-content\/uploads\/2011\/02\/pantalon_corto02-300x295.png\" alt=\"\" width=\"300\" height=\"295\" \/><\/a>\n<\/div>\n<div class=\"col-derecha\">\n<h2>Modelo 02<\/h2>\n<p class=\"small\">ref. #1583_11<\/p>\n<ul class=\"caracteristicas\">\n<li>100% POLI\u00c9STER<\/li>\n<li>80% POLI\u00c9STER 20% ALGOD\u00d3N<\/li>\n<li>50% POLI\u00c9STER 50% ALGOD\u00d3N<\/li>\n<\/ul>\n<p><img src=\"http:\/\/www.uniformesto\u00f1imartin.es\/wp-content\/uploads\/2011\/02\/color1.png\"\/><\/p>\n<\/div>\n<div class=\"clear\"><\/div>\n<\/div>\n<div class=\"articulo\">\n<div class=\"col-izquierda\">\n<a href=\"http:\/\/www.uniformesto\u00f1imartin.es\/wp-content\/uploads\/2011\/02\/pantalon_corto03.png\"><img loading=\"lazy\" class=\"alignnone size-medium wp-image-91\" title=\"Pantal\u00f3n corto modelo 03\" src=\"http:\/\/www.uniformesto\u00f1imartin.es\/wp-content\/uploads\/2011\/02\/pantalon_corto03-300x295.png\" alt=\"\" width=\"300\" height=\"295\" \/><\/a>\n<\/div>\n<div class=\"col-derecha\">\n<h2>Modelo 03<\/h2>\n<p class=\"small\">ref. #1583_12<\/p>\n<ul class=\"caracteristicas\">\n<li>100% POLI\u00c9STER<\/li>\n<li>80% POLI\u00c9STER 20% ALGOD\u00d3N<\/li>\n<li>50% POLI\u00c9STER 50% ALGOD\u00d3N<\/li>\n<\/ul>\n<p><img src=\"http:\/\/www.uniformesto\u00f1imartin.es\/wp-content\/uploads\/2011\/02\/color1.png\"\/><\/p>\n<\/div>\n<div class=\"clear\"><\/div>\n<\/div>\n<div class=\"articulo\">\n<div class=\"col-izquierda\">\n<a href=\"http:\/\/www.uniformesto\u00f1imartin.es\/wp-content\/uploads\/2011\/02\/pantalon_corto04.png\"><img loading=\"lazy\" class=\"alignnone size-medium wp-image-91\" title=\"Pantal\u00f3n corto modelo 04\" src=\"http:\/\/www.uniformesto\u00f1imartin.es\/wp-content\/uploads\/2011\/02\/pantalon_corto04-300x295.png\" alt=\"\" width=\"300\" height=\"295\" \/><\/a>\n<\/div>\n<div class=\"col-derecha\">\n<h2>Modelo 04<\/h2>\n<p class=\"small\">ref. #1583_13<\/p>\n<ul class=\"caracteristicas\">\n<li>100% POLI\u00c9STER<\/li>\n<li>80% POLI\u00c9STER 20% ALGOD\u00d3N<\/li>\n<li>50% POLI\u00c9STER 50% ALGOD\u00d3N<\/li>\n<\/ul>\n<p><img src=\"http:\/\/www.uniformesto\u00f1imartin.es\/wp-content\/uploads\/2011\/02\/color1.png\"\/><\/p>\n<\/div>\n<div class=\"clear\"><\/div>\n<\/div>\n<div class=\"articulo-last\">\n<div class=\"col-izquierda\">\n<a href=\"http:\/\/www.uniformesto\u00f1imartin.es\/wp-content\/uploads\/2011\/02\/pantalon_corto05.png\"><img loading=\"lazy\" class=\"alignnone size-medium wp-image-91\" title=\"Pantal\u00f3n corto modelo 05\" src=\"http:\/\/www.uniformesto\u00f1imartin.es\/wp-content\/uploads\/2011\/02\/pantalon_corto05-300x295.png\" alt=\"\" width=\"300\" height=\"295\" \/><\/a>\n<\/div>\n<div class=\"col-derecha\">\n<h2>Modelo 05<\/h2>\n<p class=\"small\">ref. #1583_14<\/p>\n<ul class=\"caracteristicas\">\n<li>100% POLI\u00c9STER<\/li>\n<li>80% POLI\u00c9STER 20% ALGOD\u00d3N<\/li>\n<li>50% POLI\u00c9STER 50% ALGOD\u00d3N<\/li>\n<\/ul>\n<p><img src=\"http:\/\/www.uniformesto\u00f1imartin.es\/wp-content\/uploads\/2011\/02\/color1.png\"\/><\/p>\n<\/div>\n<div class=\"clear\"><\/div>\n<\/div>\n","protected":false},"excerpt":{"rendered":"<p>Modelo 01 ref. #1583_10 100% POLI\u00c9STER 80% POLI\u00c9STER 20% ALGOD\u00d3N 50% POLI\u00c9STER 50% ALGOD\u00d3N Modelo 02 ref. #1583_11 100% POLI\u00c9STER 80% POLI\u00c9STER 20% ALGOD\u00d3N 50% POLI\u00c9STER 50% ALGOD\u00d3N Modelo 03 [&hellip;]<\/p>\n","protected":false},"author":1,"featured_media":0,"parent":0,"menu_order":0,"comment_status":"open","ping_status":"open","template":"","meta":[],"_links":{"self":[{"href":"https:\/\/xn--uniformestoimartin-x0b.es\/index.php?rest_route=\/wp\/v2\/pages\/144"}],"collection":[{"href":"https:\/\/xn--uniformestoimartin-x0b.es\/index.php?rest_route=\/wp\/v2\/pages"}],"about":[{"href":"https:\/\/xn--uniformestoimartin-x0b.es\/index.php?rest_route=\/wp\/v2\/types\/page"}],"author":[{"embeddable":true,"href":"https:\/\/xn--uniformestoimartin-x0b.es\/index.php?rest_route=\/wp\/v2\/users\/1"}],"replies":[{"embeddable":true,"href":"https:\/\/xn--uniformestoimartin-x0b.es\/index.php?rest_route=%2Fwp%2Fv2%2Fcomments&post=144"}],"version-history":[{"count":2,"href":"https:\/\/xn--uniformestoimartin-x0b.es\/index.php?rest_route=\/wp\/v2\/pages\/144\/revisions"}],"predecessor-version":[{"id":218,"href":"https:\/\/xn--uniformestoimartin-x0b.es\/index.php?rest_route=\/wp\/v2\/pages\/144\/revisions\/218"}],"wp:attachment":[{"href":"https:\/\/xn--uniformestoimartin-x0b.es\/index.php?rest_route=%2Fwp%2Fv2%2Fmedia&parent=144"}],"curies":[{"name":"wp","href":"https:\/\/api.w.org\/{rel}","templated":true}]}}