{"id":160,"date":"2011-02-20T09:49:51","date_gmt":"2011-02-20T09:49:51","guid":{"rendered":"http:\/\/localhost:8888\/wordpress\/?page_id=160"},"modified":"2011-04-03T10:48:23","modified_gmt":"2011-04-03T10:48:23","slug":"baberos","status":"publish","type":"page","link":"https:\/\/xn--uniformestoimartin-x0b.es\/?page_id=160","title":{"rendered":"Baberos"},"content":{"rendered":"<div class=\"articulo\">\n<div class=\"col-izquierda\">\n<a href=\"http:\/\/www.uniformesto\u00f1imartin.es\/wp-content\/uploads\/2011\/02\/baberos01.png\"><img loading=\"lazy\" class=\"alignnone size-medium wp-image-91\" title=\"Babero modelo 01\" src=\"http:\/\/www.uniformesto\u00f1imartin.es\/wp-content\/uploads\/2011\/02\/baberos01-300x295.png\" alt=\"\" width=\"300\" height=\"295\" \/><\/a>\n<\/div>\n<div class=\"col-derecha\">\n<h2>Modelo 01<\/h2>\n<p class=\"small\">ref. #1603_10<\/p>\n<ul class=\"caracteristicas\">\n<li>65% POLI\u00c9STER 35% ALGOD\u00d3N<\/li>\n<\/ul>\n<p><img src=\"http:\/\/www.uniformesto\u00f1imartin.es\/wp-content\/uploads\/2011\/02\/color4.png\"\/><\/p>\n<\/div>\n<div class=\"clear\"><\/div>\n<\/div>\n<div class=\"articulo\">\n<div class=\"col-izquierda\">\n<a href=\"http:\/\/www.uniformesto\u00f1imartin.es\/wp-content\/uploads\/2011\/02\/baberos02.png\"><img loading=\"lazy\" class=\"alignnone size-medium wp-image-91\" title=\"Babero modelo 02\" src=\"http:\/\/www.uniformesto\u00f1imartin.es\/wp-content\/uploads\/2011\/02\/baberos02-300x295.png\" alt=\"\" width=\"300\" height=\"295\" \/><\/a>\n<\/div>\n<div class=\"col-derecha\">\n<h2>Modelo 02<\/h2>\n<p class=\"small\">ref. #1603_11<\/p>\n<ul class=\"caracteristicas\">\n<li>65% POLI\u00c9STER 35% ALGOD\u00d3N<\/li>\n<\/ul>\n<p><img src=\"http:\/\/www.uniformesto\u00f1imartin.es\/wp-content\/uploads\/2011\/02\/color4.png\"\/><\/p>\n<\/div>\n<div class=\"clear\"><\/div>\n<\/div>\n<div class=\"articulo\">\n<div class=\"col-izquierda\">\n<a href=\"http:\/\/www.uniformesto\u00f1imartin.es\/wp-content\/uploads\/2011\/02\/baberos03.png\"><img loading=\"lazy\" class=\"alignnone size-medium wp-image-91\" title=\"Babero modelo 03\" src=\"http:\/\/www.uniformesto\u00f1imartin.es\/wp-content\/uploads\/2011\/02\/baberos03-300x295.png\" alt=\"\" width=\"300\" height=\"295\" \/><\/a>\n<\/div>\n<div class=\"col-derecha\">\n<h2>Modelo 03<\/h2>\n<p class=\"small\">ref. #1603_12<\/p>\n<ul class=\"caracteristicas\">\n<li>65% POLI\u00c9STER 35% ALGOD\u00d3N<\/li>\n<\/ul>\n<p><img src=\"http:\/\/www.uniformesto\u00f1imartin.es\/wp-content\/uploads\/2011\/02\/color4.png\"\/><\/p>\n<\/div>\n<div class=\"clear\"><\/div>\n<\/div>\n<div class=\"articulo-last\">\n<div class=\"col-izquierda\">\n<a href=\"http:\/\/www.uniformesto\u00f1imartin.es\/wp-content\/uploads\/2011\/02\/baberos04.png\"><img loading=\"lazy\" class=\"alignnone size-medium wp-image-91\" title=\"Babero modelo 04\" src=\"http:\/\/www.uniformesto\u00f1imartin.es\/wp-content\/uploads\/2011\/02\/baberos04-300x295.png\" alt=\"\" width=\"300\" height=\"295\" \/><\/a>\n<\/div>\n<div class=\"col-derecha\">\n<h2>Modelo 04<\/h2>\n<p class=\"small\">ref. #1603_13<\/p>\n<ul class=\"caracteristicas\">\n<li>65% POLI\u00c9STER 35% ALGOD\u00d3N<\/li>\n<\/ul>\n<p><img src=\"http:\/\/www.uniformesto\u00f1imartin.es\/wp-content\/uploads\/2011\/02\/color4.png\"\/><\/p>\n<\/div>\n<div class=\"clear\"><\/div>\n<\/div>\n","protected":false},"excerpt":{"rendered":"<p>Modelo 01 ref. #1603_10 65% POLI\u00c9STER 35% ALGOD\u00d3N Modelo 02 ref. #1603_11 65% POLI\u00c9STER 35% ALGOD\u00d3N Modelo 03 ref. #1603_12 65% POLI\u00c9STER 35% ALGOD\u00d3N Modelo 04 ref. #1603_13 65% POLI\u00c9STER [&hellip;]<\/p>\n","protected":false},"author":1,"featured_media":0,"parent":0,"menu_order":0,"comment_status":"open","ping_status":"open","template":"","meta":[],"_links":{"self":[{"href":"https:\/\/xn--uniformestoimartin-x0b.es\/index.php?rest_route=\/wp\/v2\/pages\/160"}],"collection":[{"href":"https:\/\/xn--uniformestoimartin-x0b.es\/index.php?rest_route=\/wp\/v2\/pages"}],"about":[{"href":"https:\/\/xn--uniformestoimartin-x0b.es\/index.php?rest_route=\/wp\/v2\/types\/page"}],"author":[{"embeddable":true,"href":"https:\/\/xn--uniformestoimartin-x0b.es\/index.php?rest_route=\/wp\/v2\/users\/1"}],"replies":[{"embeddable":true,"href":"https:\/\/xn--uniformestoimartin-x0b.es\/index.php?rest_route=%2Fwp%2Fv2%2Fcomments&post=160"}],"version-history":[{"count":2,"href":"https:\/\/xn--uniformestoimartin-x0b.es\/index.php?rest_route=\/wp\/v2\/pages\/160\/revisions"}],"predecessor-version":[{"id":207,"href":"https:\/\/xn--uniformestoimartin-x0b.es\/index.php?rest_route=\/wp\/v2\/pages\/160\/revisions\/207"}],"wp:attachment":[{"href":"https:\/\/xn--uniformestoimartin-x0b.es\/index.php?rest_route=%2Fwp%2Fv2%2Fmedia&parent=160"}],"curies":[{"name":"wp","href":"https:\/\/api.w.org\/{rel}","templated":true}]}}