{"id":165,"date":"2011-02-20T10:04:23","date_gmt":"2011-02-20T10:04:23","guid":{"rendered":"http:\/\/localhost:8888\/wordpress\/?page_id=165"},"modified":"2011-04-03T11:01:57","modified_gmt":"2011-04-03T11:01:57","slug":"sueters","status":"publish","type":"page","link":"https:\/\/xn--uniformestoimartin-x0b.es\/?page_id=165","title":{"rendered":"Su\u00e9ters"},"content":{"rendered":"<div class=\"articulo\">\n<div class=\"col-izquierda\">\n<a href=\"http:\/\/www.uniformesto\u00f1imartin.es\/wp-content\/uploads\/2011\/04\/sueters01.png\"><img loading=\"lazy\" class=\"alignnone size-medium wp-image-91\" title=\"Su\u00e9ter modelo 01\" src=\"http:\/\/www.uniformesto\u00f1imartin.es\/wp-content\/uploads\/2011\/04\/sueters01-300x295.png\" alt=\"\" width=\"300\" height=\"295\" \/><\/a>\n<\/div>\n<div class=\"col-derecha\">\n<h2>Modelo 01<\/h2>\n<p class=\"small\">ref. #1613_10<\/p>\n<ul class=\"caracteristicas\">\n<li>70% POLI\u00c9STER 30% ALGOD\u00d3N<\/li>\n<li>100% POLI\u00c9STER<\/li>\n<\/ul>\n<p><img src=\"http:\/\/www.uniformesto\u00f1imartin.es\/wp-content\/uploads\/2011\/02\/color5.png\"\/><\/p>\n<\/div>\n<div class=\"clear\"><\/div>\n<\/div>\n<div class=\"articulo\">\n<div class=\"col-izquierda\">\n<a href=\"http:\/\/www.uniformesto\u00f1imartin.es\/wp-content\/uploads\/2011\/04\/sueters02.png\"><img loading=\"lazy\" class=\"alignnone size-medium wp-image-91\" title=\"Su\u00e9ter modelo 02\" src=\"http:\/\/www.uniformesto\u00f1imartin.es\/wp-content\/uploads\/2011\/04\/sueters02-300x295.png\" alt=\"\" width=\"300\" height=\"295\" \/><\/a>\n<\/div>\n<div class=\"col-derecha\">\n<h2>Modelo 02<\/h2>\n<p class=\"small\">ref. #1613_11<\/p>\n<ul class=\"caracteristicas\">\n<li>70% POLI\u00c9STER 30% ALGOD\u00d3N<\/li>\n<li>100% POLI\u00c9STER<\/li>\n<\/ul>\n<p><img src=\"http:\/\/www.uniformesto\u00f1imartin.es\/wp-content\/uploads\/2011\/02\/color5.png\"\/><\/p>\n<\/div>\n<div class=\"clear\"><\/div>\n<\/div>\n<div class=\"articulo\">\n<div class=\"col-izquierda\">\n<a href=\"http:\/\/www.uniformesto\u00f1imartin.es\/wp-content\/uploads\/2011\/04\/sueters03.png\"><img loading=\"lazy\" class=\"alignnone size-medium wp-image-91\" title=\"Su\u00e9ter modelo 01\" src=\"http:\/\/www.uniformesto\u00f1imartin.es\/wp-content\/uploads\/2011\/04\/sueters03-300x295.png\" alt=\"\" width=\"300\" height=\"295\" \/><\/a>\n<\/div>\n<div class=\"col-derecha\">\n<h2>Modelo 03<\/h2>\n<p class=\"small\">ref. #1613_12<\/p>\n<ul class=\"caracteristicas\">\n<li>70% POLI\u00c9STER 30% ALGOD\u00d3N<\/li>\n<li>100% POLI\u00c9STER<\/li>\n<\/ul>\n<p><img src=\"http:\/\/www.uniformesto\u00f1imartin.es\/wp-content\/uploads\/2011\/02\/color5.png\"\/><\/p>\n<\/div>\n<div class=\"clear\"><\/div>\n<\/div>\n<div class=\"articulo-last\">\n<div class=\"col-izquierda\">\n<a href=\"http:\/\/www.uniformesto\u00f1imartin.es\/wp-content\/uploads\/2011\/04\/sueters04.png\"><img loading=\"lazy\" class=\"alignnone size-medium wp-image-91\" title=\"C\u00e1rdigan\" src=\"http:\/\/www.uniformesto\u00f1imartin.es\/wp-content\/uploads\/2011\/04\/sueters04-300x296.png\" alt=\"\" width=\"300\" height=\"296\" \/><\/a>\n<\/div>\n<div class=\"col-derecha\">\n<h2>C\u00e1rdigan<\/h2>\n<p class=\"small\">ref. #1613_13<\/p>\n<ul class=\"caracteristicas\">\n<li>70% POLI\u00c9STER 30% ALGOD\u00d3N<\/li>\n<li>100% POLI\u00c9STER<\/li>\n<\/ul>\n<p><img src=\"http:\/\/www.uniformesto\u00f1imartin.es\/wp-content\/uploads\/2011\/02\/color5.png\"\/><\/p>\n<\/div>\n<div class=\"clear\"><\/div>\n<\/div>\n","protected":false},"excerpt":{"rendered":"<p>Modelo 01 ref. #1613_10 70% POLI\u00c9STER 30% ALGOD\u00d3N 100% POLI\u00c9STER Modelo 02 ref. #1613_11 70% POLI\u00c9STER 30% ALGOD\u00d3N 100% POLI\u00c9STER Modelo 03 ref. #1613_12 70% POLI\u00c9STER 30% ALGOD\u00d3N 100% POLI\u00c9STER [&hellip;]<\/p>\n","protected":false},"author":1,"featured_media":0,"parent":0,"menu_order":0,"comment_status":"open","ping_status":"open","template":"","meta":[],"_links":{"self":[{"href":"https:\/\/xn--uniformestoimartin-x0b.es\/index.php?rest_route=\/wp\/v2\/pages\/165"}],"collection":[{"href":"https:\/\/xn--uniformestoimartin-x0b.es\/index.php?rest_route=\/wp\/v2\/pages"}],"about":[{"href":"https:\/\/xn--uniformestoimartin-x0b.es\/index.php?rest_route=\/wp\/v2\/types\/page"}],"author":[{"embeddable":true,"href":"https:\/\/xn--uniformestoimartin-x0b.es\/index.php?rest_route=\/wp\/v2\/users\/1"}],"replies":[{"embeddable":true,"href":"https:\/\/xn--uniformestoimartin-x0b.es\/index.php?rest_route=%2Fwp%2Fv2%2Fcomments&post=165"}],"version-history":[{"count":1,"href":"https:\/\/xn--uniformestoimartin-x0b.es\/index.php?rest_route=\/wp\/v2\/pages\/165\/revisions"}],"predecessor-version":[{"id":227,"href":"https:\/\/xn--uniformestoimartin-x0b.es\/index.php?rest_route=\/wp\/v2\/pages\/165\/revisions\/227"}],"wp:attachment":[{"href":"https:\/\/xn--uniformestoimartin-x0b.es\/index.php?rest_route=%2Fwp%2Fv2%2Fmedia&parent=165"}],"curies":[{"name":"wp","href":"https:\/\/api.w.org\/{rel}","templated":true}]}}