{"id":186,"date":"2011-02-20T10:21:46","date_gmt":"2011-02-20T10:21:46","guid":{"rendered":"http:\/\/localhost:8888\/wordpress\/?page_id=186"},"modified":"2011-04-03T10:55:58","modified_gmt":"2011-04-03T10:55:58","slug":"pantalones","status":"publish","type":"page","link":"https:\/\/xn--uniformestoimartin-x0b.es\/?page_id=186","title":{"rendered":"Pantalones"},"content":{"rendered":"<div class=\"articulo\">\n<div class=\"col-izquierda\">\n<a href=\"http:\/\/www.uniformesto\u00f1imartin.es\/wp-content\/uploads\/2011\/04\/pantalones01.png\"><img loading=\"lazy\" class=\"alignnone size-medium wp-image-91\" title=\"Pantal\u00f3n modelo 01\" src=\"http:\/\/www.uniformesto\u00f1imartin.es\/wp-content\/uploads\/2011\/04\/pantalones01-300x296.png\" alt=\"\" width=\"300\" height=\"296\" \/><\/a>\n<\/div>\n<div class=\"col-derecha\">\n<h2>Modelo 01<\/h2>\n<p class=\"small\">ref. #1633_10<\/p>\n<ul class=\"caracteristicas\">\n<li>100% POLI\u00c9STER<\/li>\n<li>55% POLIESTER 45% LANA<\/li>\n<\/ul>\n<p><img src=\"http:\/\/www.uniformesto\u00f1imartin.es\/wp-content\/uploads\/2011\/02\/color6.png\"\/><\/p>\n<\/div>\n<div class=\"clear\"><\/div>\n<\/div>\n<div class=\"articulo\">\n<div class=\"col-izquierda\">\n<a href=\"http:\/\/www.uniformesto\u00f1imartin.es\/wp-content\/uploads\/2011\/04\/pantalones02.png\"><img loading=\"lazy\" class=\"alignnone size-medium wp-image-91\" title=\"Pantal\u00f3n modelo 02\" src=\"http:\/\/www.uniformesto\u00f1imartin.es\/wp-content\/uploads\/2011\/04\/pantalones02-300x295.png\" alt=\"\" width=\"300\" height=\"295\" \/><\/a>\n<\/div>\n<div class=\"col-derecha\">\n<h2>Modelo 02<\/h2>\n<p class=\"small\">ref. #1633_11<\/p>\n<ul class=\"caracteristicas\">\n<li>100% POLI\u00c9STER<\/li>\n<li>55% POLIESTER 45% LANA<\/li>\n<\/ul>\n<p><img src=\"http:\/\/www.uniformesto\u00f1imartin.es\/wp-content\/uploads\/2011\/02\/color6.png\"\/><\/p>\n<\/div>\n<div class=\"clear\"><\/div>\n<\/div>\n<div class=\"articulo-last\">\n<div class=\"col-izquierda\">\n<a href=\"http:\/\/www.uniformesto\u00f1imartin.es\/wp-content\/uploads\/2011\/04\/pantalones03.png\"><img loading=\"lazy\" class=\"alignnone size-medium wp-image-91\" title=\"Pantal\u00f3n modelo 02\" src=\"http:\/\/www.uniformesto\u00f1imartin.es\/wp-content\/uploads\/2011\/04\/pantalones03-300x297.png\" alt=\"\" width=\"300\" height=\"297\" \/><\/a>\n<\/div>\n<div class=\"col-derecha\">\n<h2>Bermudas<\/h2>\n<p class=\"small\">ref. #1633_12<\/p>\n<ul class=\"caracteristicas\">\n<li>100% POLI\u00c9STER<\/li>\n<li>55% POLIESTER 45% LANA<\/li>\n<\/ul>\n<p><img src=\"http:\/\/www.uniformesto\u00f1imartin.es\/wp-content\/uploads\/2011\/02\/color6.png\"\/><\/p>\n<\/div>\n<div class=\"clear\"><\/div>\n<\/div>\n","protected":false},"excerpt":{"rendered":"<p>Modelo 01 ref. #1633_10 100% POLI\u00c9STER 55% POLIESTER 45% LANA Modelo 02 ref. #1633_11 100% POLI\u00c9STER 55% POLIESTER 45% LANA Bermudas ref. #1633_12 100% POLI\u00c9STER 55% POLIESTER 45% LANA<\/p>\n","protected":false},"author":1,"featured_media":0,"parent":0,"menu_order":0,"comment_status":"open","ping_status":"open","template":"","meta":[],"_links":{"self":[{"href":"https:\/\/xn--uniformestoimartin-x0b.es\/index.php?rest_route=\/wp\/v2\/pages\/186"}],"collection":[{"href":"https:\/\/xn--uniformestoimartin-x0b.es\/index.php?rest_route=\/wp\/v2\/pages"}],"about":[{"href":"https:\/\/xn--uniformestoimartin-x0b.es\/index.php?rest_route=\/wp\/v2\/types\/page"}],"author":[{"embeddable":true,"href":"https:\/\/xn--uniformestoimartin-x0b.es\/index.php?rest_route=\/wp\/v2\/users\/1"}],"replies":[{"embeddable":true,"href":"https:\/\/xn--uniformestoimartin-x0b.es\/index.php?rest_route=%2Fwp%2Fv2%2Fcomments&post=186"}],"version-history":[{"count":1,"href":"https:\/\/xn--uniformestoimartin-x0b.es\/index.php?rest_route=\/wp\/v2\/pages\/186\/revisions"}],"predecessor-version":[{"id":217,"href":"https:\/\/xn--uniformestoimartin-x0b.es\/index.php?rest_route=\/wp\/v2\/pages\/186\/revisions\/217"}],"wp:attachment":[{"href":"https:\/\/xn--uniformestoimartin-x0b.es\/index.php?rest_route=%2Fwp%2Fv2%2Fmedia&parent=186"}],"curies":[{"name":"wp","href":"https:\/\/api.w.org\/{rel}","templated":true}]}}