{"id":30,"date":"2011-02-19T12:32:06","date_gmt":"2011-02-19T12:32:06","guid":{"rendered":"http:\/\/localhost:8888\/wordpress\/?page_id=30"},"modified":"2011-02-19T12:32:06","modified_gmt":"2011-02-19T12:32:06","slug":"informacion-legal-del-web","status":"publish","type":"page","link":"https:\/\/xn--uniformestoimartin-x0b.es\/?page_id=30","title":{"rendered":"Informaci\u00f3n legal del web"},"content":{"rendered":"<p>Protecci\u00f3n de datos: en virtud de lo dispuesto en la LO 15\/1999, de 13 de diciembre, de protecci\u00f3n de datos de car\u00e1cter personal, ponemos en su conocimiento que sus datos ser\u00e1n utilizados por Uniformes Colegiales Andaluc\u00eda, S.L. para cumplir su objeto social, pudiendo usted solicitar y obtener informaci\u00f3n de sus datos de car\u00e1cter personal, rectificarlos y cancelarlos, en los t\u00e9rminos establecidos en la normativa vigente.<\/p>\n<h2>Advertencias legales:<\/h2>\n<p>Se autoriza con car\u00e1cter general el uso y reproducci\u00f3n de la informaci\u00f3n gratuita facilitada por este portal, siempre que se cite a Uniformes Colegiales Andaluc\u00eda, S.L., como la fuente de informaci\u00f3n all\u00ed donde \u00e9sta se identifica como autora, o se cite al autor de la informaci\u00f3n, tal como aparece identificado en el documento.<\/p>\n<p>Uniformes Colegiales Andaluc\u00eda, S.L., no se identifica necesariamente con las opiniones recogidas en los documentos que ha seleccionado y recopilado para usted, ni en las entrevistas publicadas y no asume responsabilidad alguna en cuanto a la exactitud, integridad y vigencia de dicha informaci\u00f3n, ni, por supuesto, en cuanto a las consecuencias derivadas del an\u00e1lisis y aplicaci\u00f3n que el usuario realice de dicha informaci\u00f3n.<\/p>\n<p>Los links a otras p\u00e1ginas web se facilitan \u00fanicamente como sugerencia y no implican garant\u00eda ni responsabilidad alguna de Uniformes Colegiales Andaluc\u00eda, S.L., en cuanto a la calidad, exactitud o contenido de la informaci\u00f3n que contengan.<\/p>\n<p>Uniformes Colegiales Andaluc\u00eda, S.L.<br \/>\nCIF: B92098714<br \/>\nAvenida G\u00e1lvez Ginachero, 10 6\u00baB 29009<\/p>\n","protected":false},"excerpt":{"rendered":"<p>Protecci\u00f3n de datos: en virtud de lo dispuesto en la LO 15\/1999, de 13 de diciembre, de protecci\u00f3n de datos de car\u00e1cter personal, ponemos en su conocimiento que sus datos [&hellip;]<\/p>\n","protected":false},"author":1,"featured_media":0,"parent":0,"menu_order":0,"comment_status":"open","ping_status":"open","template":"","meta":[],"_links":{"self":[{"href":"https:\/\/xn--uniformestoimartin-x0b.es\/index.php?rest_route=\/wp\/v2\/pages\/30"}],"collection":[{"href":"https:\/\/xn--uniformestoimartin-x0b.es\/index.php?rest_route=\/wp\/v2\/pages"}],"about":[{"href":"https:\/\/xn--uniformestoimartin-x0b.es\/index.php?rest_route=\/wp\/v2\/types\/page"}],"author":[{"embeddable":true,"href":"https:\/\/xn--uniformestoimartin-x0b.es\/index.php?rest_route=\/wp\/v2\/users\/1"}],"replies":[{"embeddable":true,"href":"https:\/\/xn--uniformestoimartin-x0b.es\/index.php?rest_route=%2Fwp%2Fv2%2Fcomments&post=30"}],"version-history":[{"count":0,"href":"https:\/\/xn--uniformestoimartin-x0b.es\/index.php?rest_route=\/wp\/v2\/pages\/30\/revisions"}],"wp:attachment":[{"href":"https:\/\/xn--uniformestoimartin-x0b.es\/index.php?rest_route=%2Fwp%2Fv2%2Fmedia&parent=30"}],"curies":[{"name":"wp","href":"https:\/\/api.w.org\/{rel}","templated":true}]}}