{"id":7,"date":"2011-02-19T11:06:30","date_gmt":"2011-02-19T11:06:30","guid":{"rendered":"http:\/\/localhost:8888\/wordpress\/?page_id=7"},"modified":"2011-04-03T11:02:15","modified_gmt":"2011-04-03T11:02:15","slug":"empresa","status":"publish","type":"page","link":"https:\/\/xn--uniformestoimartin-x0b.es\/?page_id=7","title":{"rendered":"Empresa"},"content":{"rendered":"<p>Uniformes Colegiales Andaluc\u00eda \u201cTiendas To\u00f1i Mart\u00edn\u201d\u00a0 fue fundada en 1999 por profesionales con m\u00e1s de 35 a\u00f1os de experiencia en el sector textil y m\u00e1s concretamente en los uniformes escolares.<\/p>\n<p>A lo largo de estos a\u00f1os hemos experimentado una expansi\u00f3n con cuatro puntos de venta \u201cTiendas TO\u00d1I MART\u00cfN\u201d, uno en Marbella y tres en M\u00e1laga, adem\u00e1s de un aumento en nuestra variedad de art\u00edculos relacionados con la uniformidad.<\/p>\n<p>En Uniformes Colegiales Andaluc\u00eda apostamos por un servicio personalizado adaptado a cada una de las necesidades de los nuestros clientes como colegios, guarder\u00edas y escuelas infantiles, ludotecas, bandas de m\u00fasica, clubes deportivos, tiendas especializadas etc.<\/p>\n<p>Para la completa satisfacci\u00f3n de nuestros clientes no solo suministramos el material, sino que lo asesoramos en su dise\u00f1o ofreciendo la mejor CALIDAD-PRECIO-SERVICIO del mercado.<\/p>\n<p>Una ventaja a\u00f1adida de nuestra empresa es que al controlar todo el proceso de producci\u00f3n podemos ofrecer una mayor agilidad y garant\u00eda de reposici\u00f3n.<\/p>\n<p>Otro aspecto fundamental que ofrecemos es el <strong>servicio<\/strong>, una buena muestra de ello es que los uniformes permanecen a la venta en nuestras tiendas <strong>durante todo el a\u00f1o<\/strong>, de forma que nuestros clientes pueden adquirir los uniformes seg\u00fan sus necesidades.<\/p>\n","protected":false},"excerpt":{"rendered":"<p>Uniformes Colegiales Andaluc\u00eda \u201cTiendas To\u00f1i Mart\u00edn\u201d\u00a0 fue fundada en 1999 por profesionales con m\u00e1s de 35 a\u00f1os de experiencia en el sector textil y m\u00e1s concretamente en los uniformes escolares. [&hellip;]<\/p>\n","protected":false},"author":1,"featured_media":0,"parent":0,"menu_order":1,"comment_status":"open","ping_status":"open","template":"","meta":[],"_links":{"self":[{"href":"https:\/\/xn--uniformestoimartin-x0b.es\/index.php?rest_route=\/wp\/v2\/pages\/7"}],"collection":[{"href":"https:\/\/xn--uniformestoimartin-x0b.es\/index.php?rest_route=\/wp\/v2\/pages"}],"about":[{"href":"https:\/\/xn--uniformestoimartin-x0b.es\/index.php?rest_route=\/wp\/v2\/types\/page"}],"author":[{"embeddable":true,"href":"https:\/\/xn--uniformestoimartin-x0b.es\/index.php?rest_route=\/wp\/v2\/users\/1"}],"replies":[{"embeddable":true,"href":"https:\/\/xn--uniformestoimartin-x0b.es\/index.php?rest_route=%2Fwp%2Fv2%2Fcomments&post=7"}],"version-history":[{"count":1,"href":"https:\/\/xn--uniformestoimartin-x0b.es\/index.php?rest_route=\/wp\/v2\/pages\/7\/revisions"}],"predecessor-version":[{"id":228,"href":"https:\/\/xn--uniformestoimartin-x0b.es\/index.php?rest_route=\/wp\/v2\/pages\/7\/revisions\/228"}],"wp:attachment":[{"href":"https:\/\/xn--uniformestoimartin-x0b.es\/index.php?rest_route=%2Fwp%2Fv2%2Fmedia&parent=7"}],"curies":[{"name":"wp","href":"https:\/\/api.w.org\/{rel}","templated":true}]}}